{"id":2017,"date":"2018-09-18T09:58:53","date_gmt":"2018-09-18T09:58:53","guid":{"rendered":"https:\/\/clementcolliard.art\/?page_id=2017"},"modified":"2020-05-11T08:33:11","modified_gmt":"2020-05-11T08:33:11","slug":"exposition-in-desirable","status":"publish","type":"page","link":"https:\/\/clementcolliard.art\/en\/exposition-in-desirable\/","title":{"rendered":"in\/\/d\u00e9sirable (galerie Ruine, Gen\u00e8ve, septembre 2018)."},"content":{"rendered":"<p><img fetchpriority=\"high\" decoding=\"async\" class=\"size-medium wp-image-2005 alignleft\" src=\"https:\/\/clementcolliard.art\/wp-content\/uploads\/xpoflyer-18-A5-qrcode-300x211.jpg\" alt=\"\" width=\"300\" height=\"211\" srcset=\"https:\/\/clementcolliard.art\/wp-content\/uploads\/xpoflyer-18-A5-qrcode-300x211.jpg 300w, https:\/\/clementcolliard.art\/wp-content\/uploads\/xpoflyer-18-A5-qrcode-768x541.jpg 768w, https:\/\/clementcolliard.art\/wp-content\/uploads\/xpoflyer-18-A5-qrcode-1024x721.jpg 1024w, https:\/\/clementcolliard.art\/wp-content\/uploads\/xpoflyer-18-A5-qrcode.jpg 1312w\" sizes=\"(max-width: 300px) 100vw, 300px\" \/><\/p>\n<p><a href=\"https:\/\/clementcolliard.art\/wp-content\/uploads\/Dossier-exposition-Ind%C3%A9sirable-C.-Colliard.pdf\"><img decoding=\"async\" class=\"alignleft wp-image-2268\" src=\"https:\/\/clementcolliard.art\/wp-content\/uploads\/pdf.jpg\" alt=\"\" width=\"50\" height=\"50\" \/><\/a><\/p>\n<p><a href=\"https:\/\/clementcolliard.art\/wp-content\/uploads\/Dossier-exposition-Ind%C3%A9sirable-C.-Colliard.pdf\" target=\"_blank\" rel=\"noopener noreferrer\">\u00a0in\/\/d\u00e9sirable &#8211; Dossier complet en PDF <\/a><\/p>\n<p>Le sujet de in\/\/d\u00e9sirable c&rsquo;est le d\u00e9sir et le manque. Pas de d\u00e9finition ni d&rsquo;explication. Du ressenti, de l&rsquo;impression, de l&rsquo;\u00e9motion peut-\u00eatre. Sur le flyer de l&rsquo;exposition, on y voit la moiti\u00e9 de mon visage. Cette moiti\u00e9 symbolise la part intuitive de nous-m\u00eame, celle qui opposera ou qui conciliera le d\u00e9sir et le manque.<\/p>\n<p style=\"text-align: center;\">\n<p style=\"text-align: center;\"><style type=\"text\/css\">\n#foogallery-gallery-2484 .fg-image { width: 150px; }\n#foogallery-gallery-2484 { --fg-gutter: 10px; }<\/style>\n\t\t\t<div class=\"foogallery foogallery-container foogallery-default foogallery-lightbox-foobox fg-center fg-default fg-ready fg-dark fg-border-thin fg-shadow-outline fg-loading-default fg-loaded-fade-in fg-caption-hover fg-hover-fade fg-hover-zoom\" id=\"foogallery-gallery-2484\" data-foogallery=\"{&quot;item&quot;:{&quot;showCaptionTitle&quot;:true,&quot;showCaptionDescription&quot;:true},&quot;lazy&quot;:false,&quot;src&quot;:&quot;src&quot;,&quot;srcset&quot;:&quot;srcset&quot;}\" style=\"--fg-title-line-clamp: 0; --fg-description-line-clamp: 0;\" >\n\t<div class=\"fg-item fg-type-image fg-loaded\"><figure class=\"fg-item-inner\"><a href=\"https:\/\/clementcolliard.art\/wp-content\/uploads\/clementcolliard-14092018-L1014727.jpg\" data-caption-desc=\"Exposition in\/\/d\u00e9sirable, s\u00e9rie 1 septembre 2018\" data-attachment-id=\"2121\" data-type=\"image\" class=\"fg-thumb\"><span class=\"fg-image-wrap\"><img decoding=\"async\" src=\"https:\/\/clementcolliard.art\/wp-content\/uploads\/cache\/clementcolliard-14092018-L1014727\/2657055560.jpg\" width=\"150\" height=\"150\" class=\"skip-lazy fg-image\" loading=\"eager\"><\/span><span class=\"fg-image-overlay\"><\/span><\/a><figcaption class=\"fg-caption\"><div class=\"fg-caption-inner\"><div class=\"fg-caption-desc\">Exposition in\/\/d\u00e9sirable, s\u00e9rie 1 septembre 2018<\/div><\/div><\/figcaption><\/figure><div class=\"fg-loader\"><\/div><\/div><div class=\"fg-item fg-type-image fg-loaded\"><figure class=\"fg-item-inner\"><a href=\"https:\/\/clementcolliard.art\/wp-content\/uploads\/clementcolliard-14092018-L1014744.jpg\" data-caption-desc=\"Exposition in\/\/d\u00e9sirable, s\u00e9rie 2 septembre 2018\" data-attachment-id=\"2126\" data-type=\"image\" class=\"fg-thumb\"><span class=\"fg-image-wrap\"><img decoding=\"async\" src=\"https:\/\/clementcolliard.art\/wp-content\/uploads\/cache\/clementcolliard-14092018-L1014744\/295181314.jpg\" width=\"150\" height=\"150\" class=\"skip-lazy fg-image\" loading=\"eager\"><\/span><span class=\"fg-image-overlay\"><\/span><\/a><figcaption class=\"fg-caption\"><div class=\"fg-caption-inner\"><div class=\"fg-caption-desc\">Exposition in\/\/d\u00e9sirable, s\u00e9rie 2 septembre 2018<\/div><\/div><\/figcaption><\/figure><div class=\"fg-loader\"><\/div><\/div><div class=\"fg-item fg-type-image fg-loaded\"><figure class=\"fg-item-inner\"><a href=\"https:\/\/clementcolliard.art\/wp-content\/uploads\/clementcolliard-14092018-L1014746.jpg\" data-caption-desc=\"Exposition in\/\/d\u00e9sirable, s\u00e9rie 3 septembre 2018\" data-attachment-id=\"2127\" data-type=\"image\" class=\"fg-thumb\"><span class=\"fg-image-wrap\"><img decoding=\"async\" src=\"https:\/\/clementcolliard.art\/wp-content\/uploads\/cache\/clementcolliard-14092018-L1014746\/3378234436.jpg\" width=\"150\" height=\"150\" class=\"skip-lazy fg-image\" loading=\"eager\"><\/span><span class=\"fg-image-overlay\"><\/span><\/a><figcaption class=\"fg-caption\"><div class=\"fg-caption-inner\"><div class=\"fg-caption-desc\">Exposition in\/\/d\u00e9sirable, s\u00e9rie 3 septembre 2018<\/div><\/div><\/figcaption><\/figure><div class=\"fg-loader\"><\/div><\/div><div class=\"fg-item fg-type-image fg-loaded\"><figure class=\"fg-item-inner\"><a href=\"https:\/\/clementcolliard.art\/wp-content\/uploads\/clementcolliard-14092018-L1014731.jpg\" data-caption-desc=\"Exposition in\/\/d\u00e9sirable, s\u00e9rie 4 septembre 2018\" data-attachment-id=\"2122\" data-type=\"image\" class=\"fg-thumb\"><span class=\"fg-image-wrap\"><img decoding=\"async\" src=\"https:\/\/clementcolliard.art\/wp-content\/uploads\/cache\/clementcolliard-14092018-L1014731\/990972288.jpg\" width=\"150\" height=\"150\" class=\"skip-lazy fg-image\" loading=\"eager\"><\/span><span class=\"fg-image-overlay\"><\/span><\/a><figcaption class=\"fg-caption\"><div class=\"fg-caption-inner\"><div class=\"fg-caption-desc\">Exposition in\/\/d\u00e9sirable, s\u00e9rie 4 septembre 2018<\/div><\/div><\/figcaption><\/figure><div class=\"fg-loader\"><\/div><\/div><\/div>\n<\/p>","protected":false},"excerpt":{"rendered":"<p>\u00a0in\/\/d\u00e9sirable &#8211; Dossier complet en PDF Le sujet de in\/\/d\u00e9sirable c&rsquo;est le d\u00e9sir et le manque. Pas de d\u00e9finition ni d&rsquo;explication. Du ressenti, de l&rsquo;impression, de l&rsquo;\u00e9motion peut-\u00eatre. Sur le flyer de l&rsquo;exposition, on y voit la moiti\u00e9 de mon visage. Cette moiti\u00e9 symbolise la part intuitive de nous-m\u00eame, celle qui opposera ou qui conciliera&#8230;<\/p>","protected":false},"author":1,"featured_media":0,"parent":0,"menu_order":0,"comment_status":"closed","ping_status":"closed","template":"","meta":{"_crdt_document":"","_vp_format_video_url":"","_vp_image_focal_point":[],"footnotes":""},"class_list":["post-2017","page","type-page","status-publish","hentry"],"_links":{"self":[{"href":"https:\/\/clementcolliard.art\/en\/wp-json\/wp\/v2\/pages\/2017","targetHints":{"allow":["GET"]}}],"collection":[{"href":"https:\/\/clementcolliard.art\/en\/wp-json\/wp\/v2\/pages"}],"about":[{"href":"https:\/\/clementcolliard.art\/en\/wp-json\/wp\/v2\/types\/page"}],"author":[{"embeddable":true,"href":"https:\/\/clementcolliard.art\/en\/wp-json\/wp\/v2\/users\/1"}],"replies":[{"embeddable":true,"href":"https:\/\/clementcolliard.art\/en\/wp-json\/wp\/v2\/comments?post=2017"}],"version-history":[{"count":46,"href":"https:\/\/clementcolliard.art\/en\/wp-json\/wp\/v2\/pages\/2017\/revisions"}],"predecessor-version":[{"id":3255,"href":"https:\/\/clementcolliard.art\/en\/wp-json\/wp\/v2\/pages\/2017\/revisions\/3255"}],"wp:attachment":[{"href":"https:\/\/clementcolliard.art\/en\/wp-json\/wp\/v2\/media?parent=2017"}],"curies":[{"name":"wp","href":"https:\/\/api.w.org\/{rel}","templated":true}]}}