{"id":393,"date":"2017-01-19T18:27:25","date_gmt":"2017-01-19T18:27:25","guid":{"rendered":"https:\/\/clementcolliard.art\/?page_id=393"},"modified":"2024-05-14T13:26:24","modified_gmt":"2024-05-14T13:26:24","slug":"expositions-13-nuits","status":"publish","type":"page","link":"https:\/\/clementcolliard.art\/en\/expositions-13-nuits\/","title":{"rendered":"13 nuits Seul dans les couloirs d&rsquo;un H\u00f4pital (galerie Ruine, Gen\u00e8ve, F\u00e9vrier 2017)."},"content":{"rendered":"<div class=\"wp-block-image\">\n<figure class=\"aligncenter size-large is-resized\"><img fetchpriority=\"high\" decoding=\"async\" width=\"683\" height=\"1024\" src=\"https:\/\/clementcolliard.art\/wp-content\/uploads\/Flyer-Clement-683x1024.jpg\" alt=\"\" class=\"wp-image-2923\" style=\"width:377px;height:565px\" srcset=\"https:\/\/clementcolliard.art\/wp-content\/uploads\/Flyer-Clement-683x1024.jpg 683w, https:\/\/clementcolliard.art\/wp-content\/uploads\/Flyer-Clement-200x300.jpg 200w, https:\/\/clementcolliard.art\/wp-content\/uploads\/Flyer-Clement-768x1152.jpg 768w, https:\/\/clementcolliard.art\/wp-content\/uploads\/Flyer-Clement.jpg 924w\" sizes=\"(max-width: 683px) 100vw, 683px\" \/><\/figure>\n<\/div>\n\n<p>Code court [\/language-switcher]<\/p>\n\n\n<p style=\"text-align: left;\">Au d\u00e9but de l\u2019\u00e9t\u00e9 2016, j\u2019ai \u00e9t\u00e9 hospitalis\u00e9 pour me faire implanter un stimulateur c\u00e9r\u00e9bral. Cet appareil r\u00e9duit de mani\u00e8re cons\u00e9quente les sympt\u00f4mes de la maladie de Parkinson. Durant les 13 derni\u00e8res nuits de mon hospitalisation, des insomnies me r\u00e9veillait d\u00e8s 4h du matin. J\u2019ai choisi ces moments pour arpenter et photographier l\u2019h\u00f4pital. Sans autorisation sp\u00e9ciale, il est interdit de photographier les patients et le corps m\u00e9dical. Mais les lieux, eux, ne demandaient aucune laisser-passer. J\u2019en ai donc fait l\u2019objet de ma recherche photographique.<\/p>\n<p style=\"text-align: left;\">13 nuits, 13 lieux photographi\u00e9s, et pour chacun d\u2019eux un sentiment de vide et de plein, d\u2019absence et de pr\u00e9sence. La lumi\u00e8re en point de mire, en trace verticales ou horizontales et l\u2019absurde du contexte soulign\u00e9 par une bande sonore des bruits quotidiens de l\u2019h\u00f4pital. Une immersion 13 fois racont\u00e9e, non pas comme une r\u00e9p\u00e9tition mais comme une succession d\u2019exp\u00e9riences uniques.<\/p>\n<h3>\u00a0Les 13 photographies<\/h3>\n\n\n<p class=\"wp-block-paragraph\"><\/p>","protected":false},"excerpt":{"rendered":"<p>Au d\u00e9but de l\u2019\u00e9t\u00e9 2016, j\u2019ai \u00e9t\u00e9 hospitalis\u00e9 pour me faire implanter un stimulateur c\u00e9r\u00e9bral. Cet appareil r\u00e9duit de mani\u00e8re cons\u00e9quente les sympt\u00f4mes de la maladie de Parkinson. Durant les 13 derni\u00e8res nuits de mon hospitalisation, des insomnies me r\u00e9veillait d\u00e8s 4h du matin. J\u2019ai choisi ces moments pour arpenter et photographier l\u2019h\u00f4pital. Sans autorisation&#8230;<\/p>","protected":false},"author":1,"featured_media":0,"parent":0,"menu_order":0,"comment_status":"closed","ping_status":"closed","template":"","meta":{"_crdt_document":"","_vp_format_video_url":"","_vp_image_focal_point":[],"footnotes":""},"class_list":["post-393","page","type-page","status-publish","hentry"],"_links":{"self":[{"href":"https:\/\/clementcolliard.art\/en\/wp-json\/wp\/v2\/pages\/393","targetHints":{"allow":["GET"]}}],"collection":[{"href":"https:\/\/clementcolliard.art\/en\/wp-json\/wp\/v2\/pages"}],"about":[{"href":"https:\/\/clementcolliard.art\/en\/wp-json\/wp\/v2\/types\/page"}],"author":[{"embeddable":true,"href":"https:\/\/clementcolliard.art\/en\/wp-json\/wp\/v2\/users\/1"}],"replies":[{"embeddable":true,"href":"https:\/\/clementcolliard.art\/en\/wp-json\/wp\/v2\/comments?post=393"}],"version-history":[{"count":21,"href":"https:\/\/clementcolliard.art\/en\/wp-json\/wp\/v2\/pages\/393\/revisions"}],"predecessor-version":[{"id":4445,"href":"https:\/\/clementcolliard.art\/en\/wp-json\/wp\/v2\/pages\/393\/revisions\/4445"}],"wp:attachment":[{"href":"https:\/\/clementcolliard.art\/en\/wp-json\/wp\/v2\/media?parent=393"}],"curies":[{"name":"wp","href":"https:\/\/api.w.org\/{rel}","templated":true}]}}