{"id":4397,"date":"2024-03-31T09:43:26","date_gmt":"2024-03-31T09:43:26","guid":{"rendered":"https:\/\/clementcolliard.art\/?page_id=4397"},"modified":"2024-07-09T12:24:45","modified_gmt":"2024-07-09T12:24:45","slug":"biographie","status":"publish","type":"page","link":"https:\/\/clementcolliard.art\/en\/biographie\/","title":{"rendered":"Biographie"},"content":{"rendered":"<p class=\"has-text-align-left wp-block-paragraph\"><strong>Cl\u00e9ment Colliard nait \u00e0 Gen\u00e8ve en 1970. Apr\u00e8s 10 ans de recherche et production musicale, il se tourne radicalement vers la photographie lors d&rsquo;un s\u00e9jour \u00e0 Tokyo au printemps 2015.<\/strong><\/p>\n\n\n\n<p class=\"has-text-align-left wp-block-paragraph\"><strong>Il fait ses d\u00e9buts avec la photo de rue, arpentant les trottoirs de Gen\u00e8ve et d&rsquo;autres villes, \u00e0 l\u2019aff\u00fbt d&rsquo;une prise de vue in\u00e9dite. D\u2019abord centr\u00e9 sur l\u2019humain, il se dirige petit \u00e0 petit vers la photographie d\u2019architecture, la nature morte ou l\u2019illusion de l\u2019image.<\/strong><\/p>\n\n\n\n<p class=\"has-text-align-left wp-block-paragraph\"><strong>D\u00e8s 2019, d\u00e9veloppant sa pratique, il s\u2019int\u00e9resse aux s\u00e9ries th\u00e9matiques, notamment avec \u00ab\u00a0Un (im)parfait regard\u00a0\u00bb, expos\u00e9 \u00e0 Gen\u00e8ve 2020, le corpus \u00ab Liliputt \u00bb, exposition au printemps 2024, ou encore son nouveau projet orient\u00e9 sur les corps humains \u00ab De Dos \u00bb.<\/strong><\/p>\n\n\n\n<p class=\"has-text-align-left wp-block-paragraph\"><strong>Cl\u00e9ment Colliard utilise la photographie comme expression brute mais aussi comme porte d\u2019acc\u00e8s \u00e0 ses intimes et complexes r\u00e9flexions. C\u2019est en g\u00e9n\u00e9ral l\u2019\u00e9tat des corps et des \u00e2mes quels qu\u2019ils soient qui l\u2019int\u00e9ressent. Au moyen de ce champ d\u2019exploration, toujours teint\u00e9 des \u00e9preuves physiques qu\u2019il traverse au quotidien, il nous transmet sa d\u00e9tresse, son regard aiguis\u00e9, mais aussi son humour.<\/strong><\/p>\n\n\n\n<p class=\"has-text-align-left wp-block-paragraph\"><strong>Son savoir-faire particulier lui permet de capturer l\u2019\u00e9ph\u00e9m\u00e8re et de le transformer en narration, faisant de lui un photographe \u00e0 appr\u00e9cier et \u00e0 suivre.<\/strong><\/p>\n\n\n\n<p class=\"has-text-align-left wp-block-paragraph\"><strong>Le travail de Cl\u00e9ment Colliard est accessible via ses expositions, son site web clementcolliard.art et son compte Instagram @clementcolliard.art<\/strong><\/p>\n\n\n\n<p class=\"has-text-align-left wp-block-paragraph\"><\/p>\n\n\n\n<p class=\"has-text-align-left wp-block-paragraph\"><\/p>\n\n\n\n<p class=\"has-text-align-left wp-block-paragraph\"><\/p>\n\n\n\n<p class=\"has-text-align-left wp-block-paragraph\"><\/p>\n\n\n\n<p class=\"has-text-align-left wp-block-paragraph\"><\/p>","protected":false},"excerpt":{"rendered":"<p>Cl\u00e9ment Colliard nait \u00e0 Gen\u00e8ve en 1970. Apr\u00e8s 10 ans de recherche et production musicale, il se tourne radicalement vers la photographie lors d&rsquo;un s\u00e9jour \u00e0 Tokyo au printemps 2015. Il fait ses d\u00e9buts avec la photo de rue, arpentant les trottoirs de Gen\u00e8ve et d&rsquo;autres villes, \u00e0 l\u2019aff\u00fbt d&rsquo;une prise de vue in\u00e9dite. D\u2019abord&#8230;<\/p>","protected":false},"author":1,"featured_media":0,"parent":0,"menu_order":0,"comment_status":"closed","ping_status":"closed","template":"","meta":{"_crdt_document":"","_vp_format_video_url":"","_vp_image_focal_point":[],"footnotes":""},"class_list":["post-4397","page","type-page","status-publish","hentry"],"_links":{"self":[{"href":"https:\/\/clementcolliard.art\/en\/wp-json\/wp\/v2\/pages\/4397","targetHints":{"allow":["GET"]}}],"collection":[{"href":"https:\/\/clementcolliard.art\/en\/wp-json\/wp\/v2\/pages"}],"about":[{"href":"https:\/\/clementcolliard.art\/en\/wp-json\/wp\/v2\/types\/page"}],"author":[{"embeddable":true,"href":"https:\/\/clementcolliard.art\/en\/wp-json\/wp\/v2\/users\/1"}],"replies":[{"embeddable":true,"href":"https:\/\/clementcolliard.art\/en\/wp-json\/wp\/v2\/comments?post=4397"}],"version-history":[{"count":3,"href":"https:\/\/clementcolliard.art\/en\/wp-json\/wp\/v2\/pages\/4397\/revisions"}],"predecessor-version":[{"id":4493,"href":"https:\/\/clementcolliard.art\/en\/wp-json\/wp\/v2\/pages\/4397\/revisions\/4493"}],"wp:attachment":[{"href":"https:\/\/clementcolliard.art\/en\/wp-json\/wp\/v2\/media?parent=4397"}],"curies":[{"name":"wp","href":"https:\/\/api.w.org\/{rel}","templated":true}]}}